{"id":4140,"date":"2025-10-29T18:33:51","date_gmt":"2025-10-29T22:33:51","guid":{"rendered":"https:\/\/somospixart.com\/?page_id=4140"},"modified":"2025-10-30T15:42:43","modified_gmt":"2025-10-30T19:42:43","slug":"confirmacion-checkout-landing-ebook","status":"publish","type":"page","link":"https:\/\/somospixart.com\/en\/confirmacion-checkout-landing-ebook\/","title":{"rendered":"Confirmacion Checkout Landing Ebook"},"content":{"rendered":"<div data-elementor-type=\"wp-page\" data-elementor-id=\"4140\" class=\"elementor elementor-4140\" data-elementor-post-type=\"page\">\n\t\t\t\t<div class=\"elementor-element elementor-element-c5dcd0d e-flex e-con-boxed e-con e-parent\" data-id=\"c5dcd0d\" data-element_type=\"container\" data-e-type=\"container\" data-settings=\"{&quot;ekit_has_onepagescroll_dot&quot;:&quot;yes&quot;}\">\n\t\t\t\t\t<div class=\"e-con-inner\">\n\t\t<div class=\"elementor-element elementor-element-c8e3107 e-con-full e-flex e-con e-child\" data-id=\"c8e3107\" data-element_type=\"container\" data-e-type=\"container\" data-settings=\"{&quot;background_background&quot;:&quot;classic&quot;,&quot;ekit_has_onepagescroll_dot&quot;:&quot;yes&quot;}\">\n\t\t\t\t<div class=\"elementor-element elementor-element-898745f elementor-widget elementor-widget-image\" data-id=\"898745f\" data-element_type=\"widget\" data-e-type=\"widget\" data-settings=\"{&quot;ekit_we_effect_on&quot;:&quot;none&quot;}\" data-widget_type=\"image.default\">\n\t\t\t\t<div class=\"elementor-widget-container\">\n\t\t\t\t\t\t\t\t\t\t\t\t\t\t\t<img decoding=\"async\" src=\"https:\/\/somospixart.com\/wp-content\/uploads\/elementor\/thumbs\/SECUNDARIO_2_7-scaled-rdxqnca3o31b5wwo1b3lcyajmt76ygfy0jsy6sb65a.png\" title=\"SECUNDARIO_2_7\" alt=\"SECUNDARIO_2_7\" loading=\"lazy\" \/>\t\t\t\t\t\t\t\t\t\t\t\t\t\t\t<\/div>\n\t\t\t\t<\/div>\n\t\t\t\t<div class=\"elementor-element elementor-element-b470572 elementor-view-default elementor-widget elementor-widget-icon\" data-id=\"b470572\" data-element_type=\"widget\" data-e-type=\"widget\" data-settings=\"{&quot;ekit_we_effect_on&quot;:&quot;none&quot;}\" data-widget_type=\"icon.default\">\n\t\t\t\t<div class=\"elementor-widget-container\">\n\t\t\t\t\t\t\t<div class=\"elementor-icon-wrapper\">\n\t\t\t<div class=\"elementor-icon\">\n\t\t\t<svg aria-hidden=\"true\" class=\"e-font-icon-svg e-fas-check-circle\" viewbox=\"0 0 512 512\" xmlns=\"http:\/\/www.w3.org\/2000\/svg\"><path d=\"M504 256c0 136.967-111.033 248-248 248S8 392.967 8 256 119.033 8 256 8s248 111.033 248 248zM227.314 387.314l184-184c6.248-6.248 6.248-16.379 0-22.627l-22.627-22.627c-6.248-6.249-16.379-6.249-22.628 0L216 308.118l-70.059-70.059c-6.248-6.248-16.379-6.248-22.628 0l-22.627 22.627c-6.248 6.248-6.248 16.379 0 22.627l104 104c6.249 6.249 16.379 6.249 22.628.001z\"><\/path><\/svg>\t\t\t<\/div>\n\t\t<\/div>\n\t\t\t\t\t\t<\/div>\n\t\t\t\t<\/div>\n\t\t\t\t<div class=\"elementor-element elementor-element-d0d43c8 elementor-widget elementor-widget-heading\" data-id=\"d0d43c8\" data-element_type=\"widget\" data-e-type=\"widget\" data-settings=\"{&quot;ekit_we_effect_on&quot;:&quot;none&quot;}\" data-widget_type=\"heading.default\">\n\t\t\t\t<div class=\"elementor-widget-container\">\n\t\t\t\t\t<h2 class=\"elementor-heading-title elementor-size-default\">Hemos recibido tu pago<\/h2>\t\t\t\t<\/div>\n\t\t\t\t<\/div>\n\t\t\t\t<div class=\"elementor-element elementor-element-83ece85 elementor-widget-divider--view-line elementor-widget elementor-widget-divider\" data-id=\"83ece85\" data-element_type=\"widget\" data-e-type=\"widget\" data-settings=\"{&quot;ekit_we_effect_on&quot;:&quot;none&quot;}\" data-widget_type=\"divider.default\">\n\t\t\t\t<div class=\"elementor-widget-container\">\n\t\t\t\t\t\t\t<div class=\"elementor-divider\">\n\t\t\t<span class=\"elementor-divider-separator\">\n\t\t\t\t\t\t<\/span>\n\t\t<\/div>\n\t\t\t\t\t\t<\/div>\n\t\t\t\t<\/div>\n\t\t\t\t<div class=\"elementor-element elementor-element-2c29e63 elementor-widget elementor-widget-heading\" data-id=\"2c29e63\" data-element_type=\"widget\" data-e-type=\"widget\" data-settings=\"{&quot;ekit_we_effect_on&quot;:&quot;none&quot;}\" data-widget_type=\"heading.default\">\n\t\t\t\t<div class=\"elementor-widget-container\">\n\t\t\t\t\t<h2 class=\"elementor-heading-title elementor-size-default\">Gracias por formar parte de esta incre\u00edble familia. \u00a1S\u00e9 que cada una de estas recetas te van a encantar!<\/h2>\t\t\t\t<\/div>\n\t\t\t\t<\/div>\n\t\t\t\t<div class=\"elementor-element elementor-element-f3154c8 elementor-widget elementor-widget-heading\" data-id=\"f3154c8\" data-element_type=\"widget\" data-e-type=\"widget\" data-settings=\"{&quot;ekit_we_effect_on&quot;:&quot;none&quot;}\" data-widget_type=\"heading.default\">\n\t\t\t\t<div class=\"elementor-widget-container\">\n\t\t\t\t\t<h2 class=\"elementor-heading-title elementor-size-default\">Prep\u00e1ralas y comp\u00e1rteme tu experiencia<\/h2>\t\t\t\t<\/div>\n\t\t\t\t<\/div>\n\t\t\t\t<div class=\"elementor-element elementor-element-8b820bd elementor-widget-divider--view-line elementor-widget elementor-widget-divider\" data-id=\"8b820bd\" data-element_type=\"widget\" data-e-type=\"widget\" data-settings=\"{&quot;ekit_we_effect_on&quot;:&quot;none&quot;}\" data-widget_type=\"divider.default\">\n\t\t\t\t<div class=\"elementor-widget-container\">\n\t\t\t\t\t\t\t<div class=\"elementor-divider\">\n\t\t\t<span class=\"elementor-divider-separator\">\n\t\t\t\t\t\t<\/span>\n\t\t<\/div>\n\t\t\t\t\t\t<\/div>\n\t\t\t\t<\/div>\n\t\t<div class=\"elementor-element elementor-element-455850b e-con-full e-flex e-con e-child\" data-id=\"455850b\" data-element_type=\"container\" data-e-type=\"container\" data-settings=\"{&quot;ekit_has_onepagescroll_dot&quot;:&quot;yes&quot;}\">\n\t\t<div class=\"elementor-element elementor-element-c264e66 e-con-full e-flex e-con e-child\" data-id=\"c264e66\" data-element_type=\"container\" data-e-type=\"container\" data-settings=\"{&quot;ekit_has_onepagescroll_dot&quot;:&quot;yes&quot;}\">\n\t\t\t\t<div class=\"elementor-element elementor-element-f71f51b elementor-widget elementor-widget-heading\" data-id=\"f71f51b\" data-element_type=\"widget\" data-e-type=\"widget\" data-settings=\"{&quot;ekit_we_effect_on&quot;:&quot;none&quot;}\" data-widget_type=\"heading.default\">\n\t\t\t\t<div class=\"elementor-widget-container\">\n\t\t\t\t\t<h2 class=\"elementor-heading-title elementor-size-default\">Una vez que sea confirmado tu pago, el correo con el Ebook <b>\"Ensaladas y Aderezos\" <\/b>llegar\u00e1 a tu bandeja de entrada. Si no lo ves en unos minutos, revisa la bandeja de spam. <\/h2>\t\t\t\t<\/div>\n\t\t\t\t<\/div>\n\t\t\t\t<\/div>\n\t\t<div class=\"elementor-element elementor-element-c38220e e-con-full e-flex e-con e-child\" data-id=\"c38220e\" data-element_type=\"container\" data-e-type=\"container\" data-settings=\"{&quot;ekit_has_onepagescroll_dot&quot;:&quot;yes&quot;}\">\n\t\t<a class=\"elementor-element elementor-element-becb45f e-con-full e-flex e-con e-child\" data-id=\"becb45f\" data-element_type=\"container\" data-e-type=\"container\" data-settings=\"{&quot;ekit_has_onepagescroll_dot&quot;:&quot;yes&quot;}\" href=\"https:\/\/www.instagram.com\/inacocina\/\" target=\"_blank\">\n\t\t\t\t<div class=\"elementor-element elementor-element-1a39a05 elementor-view-default elementor-widget elementor-widget-icon\" data-id=\"1a39a05\" data-element_type=\"widget\" data-e-type=\"widget\" data-settings=\"{&quot;ekit_we_effect_on&quot;:&quot;none&quot;}\" data-widget_type=\"icon.default\">\n\t\t\t\t<div class=\"elementor-widget-container\">\n\t\t\t\t\t\t\t<div class=\"elementor-icon-wrapper\">\n\t\t\t<div class=\"elementor-icon\">\n\t\t\t<i aria-hidden=\"true\" class=\"icon icon-instagram-1\"><\/i>\t\t\t<\/div>\n\t\t<\/div>\n\t\t\t\t\t\t<\/div>\n\t\t\t\t<\/div>\n\t\t\t\t<div class=\"elementor-element elementor-element-bc68909 elementor-widget elementor-widget-heading\" data-id=\"bc68909\" data-element_type=\"widget\" data-e-type=\"widget\" data-settings=\"{&quot;ekit_we_effect_on&quot;:&quot;none&quot;}\" data-widget_type=\"heading.default\">\n\t\t\t\t<div class=\"elementor-widget-container\">\n\t\t\t\t\t<h2 class=\"elementor-heading-title elementor-size-default\">@InaCocina<\/h2>\t\t\t\t<\/div>\n\t\t\t\t<\/div>\n\t\t\t\t<\/a>\n\t\t\t\t<\/div>\n\t\t<div class=\"elementor-element elementor-element-d3397bf e-con-full e-flex e-con e-child\" data-id=\"d3397bf\" data-element_type=\"container\" data-e-type=\"container\" data-settings=\"{&quot;ekit_has_onepagescroll_dot&quot;:&quot;yes&quot;}\">\n\t\t\t\t<div class=\"elementor-element elementor-element-a4b9793 elementor-widget elementor-widget-heading\" data-id=\"a4b9793\" data-element_type=\"widget\" data-e-type=\"widget\" data-settings=\"{&quot;ekit_we_effect_on&quot;:&quot;none&quot;}\" data-widget_type=\"heading.default\">\n\t\t\t\t<div class=\"elementor-widget-container\">\n\t\t\t\t\t<h2 class=\"elementor-heading-title elementor-size-default\">Mientras esperas tu ebook, visita mi perfil en Instagram y chequea todas las recetas nuevas que tengo para ti. <b>Tendremos muchas sorpresas para ti en los pr\u00f3ximos d\u00edas.<\/b><\/h2>\t\t\t\t<\/div>\n\t\t\t\t<\/div>\n\t\t\t\t<\/div>\n\t\t\t\t<\/div>\n\t\t\t\t<\/div>\n\t\t\t\t\t<\/div>\n\t\t\t\t<\/div>\n\t\t\t\t<\/div>","protected":false},"excerpt":{"rendered":"<p>Hemos recibido tu pago Gracias por formar parte de esta incre\u00edble familia. \u00a1S\u00e9 que cada una de estas recetas te van a encantar! Prep\u00e1ralas y comp\u00e1rteme tu experiencia Una vez que sea confirmado tu pago, el correo con el Ebook \u00abEnsaladas y Aderezos\u00bb llegar\u00e1 a tu bandeja de entrada. Si no lo ves en unos &#8230; <a title=\"Confirmacion Checkout Landing Ebook\" class=\"read-more\" href=\"https:\/\/somospixart.com\/en\/confirmacion-checkout-landing-ebook\/\" aria-label=\"Read more about Confirmacion Checkout Landing Ebook\">Read more<\/a><\/p>","protected":false},"author":1,"featured_media":0,"parent":0,"menu_order":0,"comment_status":"closed","ping_status":"closed","template":"elementor_canvas","meta":{"footnotes":""},"categories":[],"tags":[],"class_list":["post-4140","page","type-page","status-publish"],"yoast_head":"<!-- This site is optimized with the Yoast SEO Premium plugin v25.6 (Yoast SEO v27.4) - https:\/\/yoast.com\/product\/yoast-seo-premium-wordpress\/ -->\n<title>Confirmacion Checkout Landing Ebook - Somos Pixart<\/title>\n<meta name=\"robots\" content=\"index, follow, max-snippet:-1, max-image-preview:large, max-video-preview:-1\" \/>\n<link rel=\"canonical\" href=\"https:\/\/somospixart.com\/en\/confirmacion-checkout-landing-ebook\/\" \/>\n<meta property=\"og:locale\" content=\"en_US\" \/>\n<meta property=\"og:type\" content=\"article\" \/>\n<meta property=\"og:title\" content=\"Confirmacion Checkout Landing Ebook\" \/>\n<meta property=\"og:description\" content=\"Hemos recibido tu pago Gracias por formar parte de esta incre\u00edble familia. \u00a1S\u00e9 que cada una de estas recetas te van a encantar! Prep\u00e1ralas y comp\u00e1rteme tu experiencia Una vez que sea confirmado tu pago, el correo con el Ebook \u00abEnsaladas y Aderezos\u00bb llegar\u00e1 a tu bandeja de entrada. Si no lo ves en unos ... Read more\" \/>\n<meta property=\"og:url\" content=\"https:\/\/somospixart.com\/en\/confirmacion-checkout-landing-ebook\/\" \/>\n<meta property=\"og:site_name\" content=\"Somos Pixart\" \/>\n<meta property=\"article:modified_time\" content=\"2025-10-30T19:42:43+00:00\" \/>\n<meta property=\"og:image\" content=\"https:\/\/somospixart.com\/wp-content\/uploads\/elementor\/thumbs\/SECUNDARIO_2_7-scaled-rdxqnca3o31b5wwo1b3lcyajmt76ygfy0jsy6sb65a.png\" \/>\n<meta name=\"twitter:card\" content=\"summary_large_image\" \/>\n<meta name=\"twitter:label1\" content=\"Est. reading time\" \/>\n\t<meta name=\"twitter:data1\" content=\"1 minute\" \/>\n<script type=\"application\/ld+json\" class=\"yoast-schema-graph\">{\"@context\":\"https:\\\/\\\/schema.org\",\"@graph\":[{\"@type\":\"WebPage\",\"@id\":\"https:\\\/\\\/somospixart.com\\\/confirmacion-checkout-landing-ebook\\\/\",\"url\":\"https:\\\/\\\/somospixart.com\\\/confirmacion-checkout-landing-ebook\\\/\",\"name\":\"Confirmacion Checkout Landing Ebook - Somos Pixart\",\"isPartOf\":{\"@id\":\"https:\\\/\\\/somospixart.com\\\/#website\"},\"primaryImageOfPage\":{\"@id\":\"https:\\\/\\\/somospixart.com\\\/confirmacion-checkout-landing-ebook\\\/#primaryimage\"},\"image\":{\"@id\":\"https:\\\/\\\/somospixart.com\\\/confirmacion-checkout-landing-ebook\\\/#primaryimage\"},\"thumbnailUrl\":\"https:\\\/\\\/somospixart.com\\\/wp-content\\\/uploads\\\/elementor\\\/thumbs\\\/SECUNDARIO_2_7-scaled-rdxqnca3o31b5wwo1b3lcyajmt76ygfy0jsy6sb65a.png\",\"datePublished\":\"2025-10-29T22:33:51+00:00\",\"dateModified\":\"2025-10-30T19:42:43+00:00\",\"breadcrumb\":{\"@id\":\"https:\\\/\\\/somospixart.com\\\/confirmacion-checkout-landing-ebook\\\/#breadcrumb\"},\"inLanguage\":\"en-US\",\"potentialAction\":[{\"@type\":\"ReadAction\",\"target\":[\"https:\\\/\\\/somospixart.com\\\/confirmacion-checkout-landing-ebook\\\/\"]}]},{\"@type\":\"ImageObject\",\"inLanguage\":\"en-US\",\"@id\":\"https:\\\/\\\/somospixart.com\\\/confirmacion-checkout-landing-ebook\\\/#primaryimage\",\"url\":\"https:\\\/\\\/somospixart.com\\\/wp-content\\\/uploads\\\/elementor\\\/thumbs\\\/SECUNDARIO_2_7-scaled-rdxqnca3o31b5wwo1b3lcyajmt76ygfy0jsy6sb65a.png\",\"contentUrl\":\"https:\\\/\\\/somospixart.com\\\/wp-content\\\/uploads\\\/elementor\\\/thumbs\\\/SECUNDARIO_2_7-scaled-rdxqnca3o31b5wwo1b3lcyajmt76ygfy0jsy6sb65a.png\"},{\"@type\":\"BreadcrumbList\",\"@id\":\"https:\\\/\\\/somospixart.com\\\/confirmacion-checkout-landing-ebook\\\/#breadcrumb\",\"itemListElement\":[{\"@type\":\"ListItem\",\"position\":1,\"name\":\"Portada\",\"item\":\"https:\\\/\\\/somospixart.com\\\/\"},{\"@type\":\"ListItem\",\"position\":2,\"name\":\"Confirmacion Checkout Landing Ebook\"}]},{\"@type\":\"WebSite\",\"@id\":\"https:\\\/\\\/somospixart.com\\\/#website\",\"url\":\"https:\\\/\\\/somospixart.com\\\/\",\"name\":\"Somos Pixart\",\"description\":\"Agencia Creativa\",\"publisher\":{\"@id\":\"https:\\\/\\\/somospixart.com\\\/#organization\"},\"potentialAction\":[{\"@type\":\"SearchAction\",\"target\":{\"@type\":\"EntryPoint\",\"urlTemplate\":\"https:\\\/\\\/somospixart.com\\\/?s={search_term_string}\"},\"query-input\":{\"@type\":\"PropertyValueSpecification\",\"valueRequired\":true,\"valueName\":\"search_term_string\"}}],\"inLanguage\":\"en-US\"},{\"@type\":\"Organization\",\"@id\":\"https:\\\/\\\/somospixart.com\\\/#organization\",\"name\":\"Somos Pixart\",\"alternateName\":\"Pixart\",\"url\":\"https:\\\/\\\/somospixart.com\\\/\",\"logo\":{\"@type\":\"ImageObject\",\"inLanguage\":\"en-US\",\"@id\":\"https:\\\/\\\/somospixart.com\\\/#\\\/schema\\\/logo\\\/image\\\/\",\"url\":\"https:\\\/\\\/somospixart.com\\\/wp-content\\\/uploads\\\/2025\\\/08\\\/logo-pixart-2.png\",\"contentUrl\":\"https:\\\/\\\/somospixart.com\\\/wp-content\\\/uploads\\\/2025\\\/08\\\/logo-pixart-2.png\",\"width\":512,\"height\":512,\"caption\":\"Somos Pixart\"},\"image\":{\"@id\":\"https:\\\/\\\/somospixart.com\\\/#\\\/schema\\\/logo\\\/image\\\/\"},\"sameAs\":[\"https:\\\/\\\/www.instagram.com\\\/somospixart\"]}]}<\/script>\n<!-- \/ Yoast SEO Premium plugin. -->","yoast_head_json":{"title":"Confirmacion Checkout Landing Ebook - Somos Pixart","robots":{"index":"index","follow":"follow","max-snippet":"max-snippet:-1","max-image-preview":"max-image-preview:large","max-video-preview":"max-video-preview:-1"},"canonical":"https:\/\/somospixart.com\/en\/confirmacion-checkout-landing-ebook\/","og_locale":"en_US","og_type":"article","og_title":"Confirmacion Checkout Landing Ebook","og_description":"Hemos recibido tu pago Gracias por formar parte de esta incre\u00edble familia. \u00a1S\u00e9 que cada una de estas recetas te van a encantar! Prep\u00e1ralas y comp\u00e1rteme tu experiencia Una vez que sea confirmado tu pago, el correo con el Ebook \u00abEnsaladas y Aderezos\u00bb llegar\u00e1 a tu bandeja de entrada. Si no lo ves en unos ... Read more","og_url":"https:\/\/somospixart.com\/en\/confirmacion-checkout-landing-ebook\/","og_site_name":"Somos Pixart","article_modified_time":"2025-10-30T19:42:43+00:00","og_image":[{"url":"https:\/\/somospixart.com\/wp-content\/uploads\/elementor\/thumbs\/SECUNDARIO_2_7-scaled-rdxqnca3o31b5wwo1b3lcyajmt76ygfy0jsy6sb65a.png","type":"","width":"","height":""}],"twitter_card":"summary_large_image","twitter_misc":{"Est. reading time":"1 minute"},"schema":{"@context":"https:\/\/schema.org","@graph":[{"@type":"WebPage","@id":"https:\/\/somospixart.com\/confirmacion-checkout-landing-ebook\/","url":"https:\/\/somospixart.com\/confirmacion-checkout-landing-ebook\/","name":"Confirmacion Checkout Landing Ebook - Somos Pixart","isPartOf":{"@id":"https:\/\/somospixart.com\/#website"},"primaryImageOfPage":{"@id":"https:\/\/somospixart.com\/confirmacion-checkout-landing-ebook\/#primaryimage"},"image":{"@id":"https:\/\/somospixart.com\/confirmacion-checkout-landing-ebook\/#primaryimage"},"thumbnailUrl":"https:\/\/somospixart.com\/wp-content\/uploads\/elementor\/thumbs\/SECUNDARIO_2_7-scaled-rdxqnca3o31b5wwo1b3lcyajmt76ygfy0jsy6sb65a.png","datePublished":"2025-10-29T22:33:51+00:00","dateModified":"2025-10-30T19:42:43+00:00","breadcrumb":{"@id":"https:\/\/somospixart.com\/confirmacion-checkout-landing-ebook\/#breadcrumb"},"inLanguage":"en-US","potentialAction":[{"@type":"ReadAction","target":["https:\/\/somospixart.com\/confirmacion-checkout-landing-ebook\/"]}]},{"@type":"ImageObject","inLanguage":"en-US","@id":"https:\/\/somospixart.com\/confirmacion-checkout-landing-ebook\/#primaryimage","url":"https:\/\/somospixart.com\/wp-content\/uploads\/elementor\/thumbs\/SECUNDARIO_2_7-scaled-rdxqnca3o31b5wwo1b3lcyajmt76ygfy0jsy6sb65a.png","contentUrl":"https:\/\/somospixart.com\/wp-content\/uploads\/elementor\/thumbs\/SECUNDARIO_2_7-scaled-rdxqnca3o31b5wwo1b3lcyajmt76ygfy0jsy6sb65a.png"},{"@type":"BreadcrumbList","@id":"https:\/\/somospixart.com\/confirmacion-checkout-landing-ebook\/#breadcrumb","itemListElement":[{"@type":"ListItem","position":1,"name":"Portada","item":"https:\/\/somospixart.com\/"},{"@type":"ListItem","position":2,"name":"Confirmacion Checkout Landing Ebook"}]},{"@type":"WebSite","@id":"https:\/\/somospixart.com\/#website","url":"https:\/\/somospixart.com\/","name":"Somos Pixart","description":"Agencia Creativa","publisher":{"@id":"https:\/\/somospixart.com\/#organization"},"potentialAction":[{"@type":"SearchAction","target":{"@type":"EntryPoint","urlTemplate":"https:\/\/somospixart.com\/?s={search_term_string}"},"query-input":{"@type":"PropertyValueSpecification","valueRequired":true,"valueName":"search_term_string"}}],"inLanguage":"en-US"},{"@type":"Organization","@id":"https:\/\/somospixart.com\/#organization","name":"Somos Pixart","alternateName":"Pixart","url":"https:\/\/somospixart.com\/","logo":{"@type":"ImageObject","inLanguage":"en-US","@id":"https:\/\/somospixart.com\/#\/schema\/logo\/image\/","url":"https:\/\/somospixart.com\/wp-content\/uploads\/2025\/08\/logo-pixart-2.png","contentUrl":"https:\/\/somospixart.com\/wp-content\/uploads\/2025\/08\/logo-pixart-2.png","width":512,"height":512,"caption":"Somos Pixart"},"image":{"@id":"https:\/\/somospixart.com\/#\/schema\/logo\/image\/"},"sameAs":["https:\/\/www.instagram.com\/somospixart"]}]}},"_links":{"self":[{"href":"https:\/\/somospixart.com\/en\/wp-json\/wp\/v2\/pages\/4140","targetHints":{"allow":["GET"]}}],"collection":[{"href":"https:\/\/somospixart.com\/en\/wp-json\/wp\/v2\/pages"}],"about":[{"href":"https:\/\/somospixart.com\/en\/wp-json\/wp\/v2\/types\/page"}],"author":[{"embeddable":true,"href":"https:\/\/somospixart.com\/en\/wp-json\/wp\/v2\/users\/1"}],"replies":[{"embeddable":true,"href":"https:\/\/somospixart.com\/en\/wp-json\/wp\/v2\/comments?post=4140"}],"version-history":[{"count":5,"href":"https:\/\/somospixart.com\/en\/wp-json\/wp\/v2\/pages\/4140\/revisions"}],"predecessor-version":[{"id":4384,"href":"https:\/\/somospixart.com\/en\/wp-json\/wp\/v2\/pages\/4140\/revisions\/4384"}],"wp:attachment":[{"href":"https:\/\/somospixart.com\/en\/wp-json\/wp\/v2\/media?parent=4140"}],"wp:term":[{"taxonomy":"category","embeddable":true,"href":"https:\/\/somospixart.com\/en\/wp-json\/wp\/v2\/categories?post=4140"},{"taxonomy":"post_tag","embeddable":true,"href":"https:\/\/somospixart.com\/en\/wp-json\/wp\/v2\/tags?post=4140"}],"curies":[{"name":"wp","href":"https:\/\/api.w.org\/{rel}","templated":true}]}}