{"id":3576,"date":"2025-09-08T19:39:35","date_gmt":"2025-09-08T23:39:35","guid":{"rendered":"https:\/\/somospixart.com\/?page_id=3576"},"modified":"2025-09-09T12:52:34","modified_gmt":"2025-09-09T16:52:34","slug":"reporte-pago","status":"publish","type":"page","link":"https:\/\/somospixart.com\/en\/reporte-pago\/","title":{"rendered":"Reporte de pago"},"content":{"rendered":"\t\t<div data-elementor-type=\"wp-page\" data-elementor-id=\"3576\" class=\"elementor elementor-3576\" data-elementor-post-type=\"page\">\n\t\t\t\t<div class=\"elementor-element elementor-element-8ef23f8 e-flex e-con-boxed e-con e-parent\" data-id=\"8ef23f8\" data-element_type=\"container\" data-e-type=\"container\" data-settings=\"{&quot;ekit_has_onepagescroll_dot&quot;:&quot;yes&quot;}\">\n\t\t\t\t\t<div class=\"e-con-inner\">\n\t\t<div class=\"elementor-element elementor-element-2a540db e-con-full e-flex e-con e-child\" data-id=\"2a540db\" data-element_type=\"container\" data-e-type=\"container\" data-settings=\"{&quot;ekit_has_onepagescroll_dot&quot;:&quot;yes&quot;}\">\n\t\t\t\t<div class=\"elementor-element elementor-element-0983e2c elementor-widget elementor-widget-image\" data-id=\"0983e2c\" data-element_type=\"widget\" data-e-type=\"widget\" data-settings=\"{&quot;ekit_we_effect_on&quot;:&quot;none&quot;}\" data-widget_type=\"image.default\">\n\t\t\t\t<div class=\"elementor-widget-container\">\n\t\t\t\t\t\t\t\t\t\t\t\t\t\t\t<img decoding=\"async\" width=\"350\" height=\"100\" src=\"https:\/\/somospixart.com\/wp-content\/uploads\/2025\/08\/LogoPrincipal-web.png\" class=\"attachment-large size-large wp-image-249\" alt=\"Somos Pixart - Agencia Creativa\" srcset=\"https:\/\/somospixart.com\/wp-content\/uploads\/2025\/08\/LogoPrincipal-web.png 350w, https:\/\/somospixart.com\/wp-content\/uploads\/2025\/08\/LogoPrincipal-web-300x86.png 300w\" sizes=\"(max-width: 350px) 100vw, 350px\" \/>\t\t\t\t\t\t\t\t\t\t\t\t\t\t\t<\/div>\n\t\t\t\t<\/div>\n\t\t\t\t<div class=\"elementor-element elementor-element-0e19c7a elementor-widget elementor-widget-heading\" data-id=\"0e19c7a\" data-element_type=\"widget\" data-e-type=\"widget\" data-settings=\"{&quot;ekit_we_effect_on&quot;:&quot;none&quot;}\" data-widget_type=\"heading.default\">\n\t\t\t\t<div class=\"elementor-widget-container\">\n\t\t\t\t\t<h2 class=\"elementor-heading-title elementor-size-default\">Reportar pago<\/h2>\t\t\t\t<\/div>\n\t\t\t\t<\/div>\n\t\t\t\t<div class=\"elementor-element elementor-element-f8f49c8 fluentform-widget-submit-button-custom elementor-widget elementor-widget-elementskit-fluent-forms\" data-id=\"f8f49c8\" data-element_type=\"widget\" data-e-type=\"widget\" data-settings=\"{&quot;ekit_we_effect_on&quot;:&quot;none&quot;}\" data-widget_type=\"elementskit-fluent-forms.default\">\n\t\t\t\t<div class=\"elementor-widget-container\">\n\t\t\t\t\t<div class=\"ekit-wid-con\">\n            <div class=\"fluentform-widget-wrapper fluentform-widget-custom-radio-checkbox fluentform-widget-align-center\">\n\n                \n                <div class='fluentform ff-default fluentform_wrapper_13 ffs_default_wrap'><form data-form_id=\"13\" id=\"fluentform_13\" class=\"frm-fluent-form fluent_form_13 ff-el-form-top ff_form_instance_13_1 ff-form-loading ffs_default\" data-form_instance=\"ff_form_instance_13_1\" method=\"POST\" ><fieldset  style=\"border: none!important;margin: 0!important;padding: 0!important;background-color: transparent!important;box-shadow: none!important;outline: none!important; min-inline-size: 100%;\">\n                    <legend class=\"ff_screen_reader_title\" style=\"display: block; margin: 0!important;padding: 0!important;height: 0!important;text-indent: -999999px;width: 0!important;overflow:hidden;\">Reporte de pago 2<\/legend><p style=\"display: none !important;\" class=\"akismet-fields-container\" data-prefix=\"ak_\"><label>&#916;<textarea name=\"ak_hp_textarea\" cols=\"45\" rows=\"8\" maxlength=\"100\"><\/textarea><\/label><input type=\"hidden\" id=\"ak_js_1\" name=\"ak_js\" value=\"226\"\/><script>document.getElementById( \"ak_js_1\" ).setAttribute( \"value\", ( new Date() ).getTime() );<\/script><\/p><input type='hidden' name='__fluent_form_embded_post_id' value='3576' \/><input type=\"hidden\" id=\"_fluentform_13_fluentformnonce\" name=\"_fluentform_13_fluentformnonce\" value=\"3ad247704b\" \/><input type=\"hidden\" name=\"_wp_http_referer\" value=\"\/reporte-pago\/\" \/><div data-type=\"name-element\" data-name=\"names\" class=\" ff-field_container ff-name-field-wrapper\" ><div class='ff-t-container'><div class='ff-t-cell '><div class='ff-el-group ff-el-form-top'><div class=\"ff-el-input--label ff-el-is-required asterisk-right\"><label for='ff_13_names_first_name_' id='label_ff_13_names_first_name_' >Nombre<\/label><\/div><div class='ff-el-input--content'><input type=\"text\" name=\"names[first_name]\" id=\"ff_13_names_first_name_\" class=\"ff-el-form-control\" aria-invalid=\"false\" aria-required=true><\/div><\/div><\/div><div class='ff-t-cell '><div class='ff-el-group ff-el-form-top'><div class=\"ff-el-input--label asterisk-right\"><label for='ff_13_names_last_name_' id='label_ff_13_names_last_name_' >Apellido<\/label><\/div><div class='ff-el-input--content'><input type=\"text\" name=\"names[last_name]\" id=\"ff_13_names_last_name_\" class=\"ff-el-form-control\" aria-invalid=\"false\" aria-required=false><\/div><\/div><\/div><\/div><\/div><div class='ff-el-group'><div class=\"ff-el-input--label ff-el-is-required asterisk-right\"><label for='ff_13_email' id='label_ff_13_email' aria-label=\"Correo Electr\u00f3nico\">Correo Electr\u00f3nico<\/label><\/div><div class='ff-el-input--content'><input type=\"email\" name=\"email\" id=\"ff_13_email\" class=\"ff-el-form-control\" data-name=\"email\"  aria-invalid=\"false\" aria-required=true><\/div><\/div><div class='ff-el-group'><div class=\"ff-el-input--label ff-el-is-required asterisk-right\"><label for='ff_13_dropdown' id='label_ff_13_dropdown' aria-label=\"M\u00e9todo de pago\">M\u00e9todo de pago<\/label><\/div><div class='ff-el-input--content'><select name=\"dropdown\" id=\"ff_13_dropdown\" class=\"ff-el-form-control\" data-name=\"dropdown\" data-calc_value=\"0\"  aria-invalid=\"false\" aria-required=\"true\" aria-labelledby=\"label_ff_13_dropdown\"><option value=\"\">- Selecione -<\/option><option value=\"Efectivo\"  >Efectivo<\/option><option value=\"Transferencia Bancaria\"  >Transferencia Bancaria<\/option><option value=\"Pago M\u00f3vil\"  >Pago M\u00f3vil<\/option><option value=\"Zelle\"  >Zelle<\/option><option value=\"PayPal\"  >PayPal<\/option><option value=\"Stripe\"  >Stripe<\/option><option value=\"Binance\"  >Binance<\/option><\/select><\/div><\/div><div class='ff-el-group has-conditions'><div class=\"ff-el-input--label ff-el-is-required asterisk-right\"><label for='ff_13_input_text' id='label_ff_13_input_text' aria-label=\"C\u00e9dula o ID\">C\u00e9dula o ID<\/label><\/div><div class='ff-el-input--content'><input type=\"text\" name=\"input_text\" class=\"ff-el-form-control\" data-name=\"input_text\" id=\"ff_13_input_text\"  aria-invalid=\"false\" aria-required=true><\/div><\/div><div class='ff-el-group has-conditions'><div class=\"ff-el-input--label ff-el-is-required asterisk-right\"><label for='ff_13_input_text_2' id='label_ff_13_input_text_2' aria-label=\"Numero de tel\u00e9fono\">Numero de tel\u00e9fono<\/label><\/div><div class='ff-el-input--content'><input type=\"text\" name=\"input_text_2\" class=\"ff-el-form-control\" data-name=\"input_text_2\" id=\"ff_13_input_text_2\"  aria-invalid=\"false\" aria-required=true><\/div><\/div><div class='ff-el-group has-conditions'><div class=\"ff-el-input--label ff-el-is-required asterisk-right\"><label for='ff_13_input_text_1' id='label_ff_13_input_text_1' aria-label=\"Banco Emisor\">Banco Emisor<\/label><\/div><div class='ff-el-input--content'><input type=\"text\" name=\"input_text_1\" class=\"ff-el-form-control\" data-name=\"input_text_1\" id=\"ff_13_input_text_1\"  aria-invalid=\"false\" aria-required=true><\/div><\/div><div class='ff-el-group'><div class=\"ff-el-input--label ff-el-is-required asterisk-right\"><label for='ff_13_datetime' id='label_ff_13_datetime' aria-label=\"Fecha de pago\">Fecha de pago<\/label><\/div><div class='ff-el-input--content'><input  aria-label='Fecha de pago Use arrow keys to navigate dates. Press enter to select a date.'  aria-haspopup='dialog' data-type-datepicker data-format='d\/m\/Y' type=\"text\" name=\"datetime\" id=\"ff_13_datetime\" class=\"ff-el-form-control ff-el-datepicker\" data-name=\"datetime\"  aria-invalid='false' aria-required=true><\/div><\/div><div class='ff-el-group'><div class=\"ff-el-input--label ff-el-is-required asterisk-right\"><label for='ff_13_numeric_field' id='label_ff_13_numeric_field' aria-label=\"Monto\">Monto<\/label><\/div><div class='ff-el-input--content'><input type=\"text\" name=\"numeric_field\" id=\"ff_13_numeric_field\" class=\"ff-el-form-control  ff_numeric\" data-name=\"numeric_field\" inputmode=\"numeric\" step=\"any\" data-formatter=\"{&quot;decimal&quot;:&quot;,&quot;,&quot;separator&quot;:&quot;.&quot;,&quot;precision&quot;:2,&quot;symbol&quot;:&quot;&quot;}\"  aria-invalid=\"false\" aria-required=true><\/div><\/div><div class='ff-el-group  ff-dropzone'><div class=\"ff-el-input--label ff-el-is-required asterisk-right\"><label for='ff_13_file-upload_1' id='label_ff_13_file-upload_1' aria-label=\"Comprobante de pago\">Comprobante de pago<\/label><\/div><div class='ff-el-input--content'><label for='ff_13_file-upload_1' class='ff_file_upload_holder'><span class='ff_upload_btn ff-btn' tabindex='0'>Seleccione archivo o su\u00e9ltalo aqu\u00ed<\/span> <input type=\"file\" name=\"file-upload\" id=\"ff_13_file-upload_1\" class=\"ff-el-form-control  ff-screen-reader-element\" data-name=\"file-upload\" multiple=\"1\"  aria-invalid='false' aria-required=true><\/label><\/div><\/div><div class='ff-el-group ff-text-left ff_submit_btn_wrapper'><button type=\"submit\" class=\"ff-btn ff-btn-submit ff-btn-md ff_btn_style\"  aria-label=\"Reportar Pago\">Reportar Pago<\/button><\/div><\/fieldset><\/form><div id='fluentform_13_errors' class='ff-errors-in-stack ff_form_instance_13_1 ff-form-loading_errors ff_form_instance_13_1_errors'><\/div><\/div>            <script type=\"text\/javascript\">\n                window.fluent_form_ff_form_instance_13_1 = {\"id\":\"13\",\"settings\":{\"layout\":{\"labelPlacement\":\"top\",\"asteriskPlacement\":\"asterisk-right\",\"helpMessagePlacement\":\"with_label\",\"errorMessagePlacement\":\"inline\",\"cssClassName\":\"\"},\"restrictions\":{\"denyEmptySubmission\":{\"enabled\":false}}},\"form_instance\":\"ff_form_instance_13_1\",\"form_id_selector\":\"fluentform_13\",\"rules\":{\"names[first_name]\":{\"required\":{\"value\":true,\"message\":\"Este campo es requerido\",\"global_message\":\"Este campo es requerido\",\"global\":true}},\"names[middle_name]\":{\"required\":{\"value\":false,\"message\":\"Este campo es requerido\",\"global_message\":\"Este campo es requerido\",\"global\":true}},\"names[last_name]\":{\"required\":{\"value\":false,\"message\":\"Este campo es requerido\",\"global_message\":\"Este campo es requerido\",\"global\":true}},\"email\":{\"required\":{\"value\":true,\"message\":\"Este campo es requerido\",\"global_message\":\"Este campo es requerido\",\"global\":true},\"email\":{\"value\":true,\"message\":\"Debes colocar un correo v\\u00e1lido\",\"global_message\":\"Debes colocar un correo v\\u00e1lido\",\"global\":true}},\"dropdown\":{\"required\":{\"value\":true,\"message\":\"Este campo es requerido\",\"global_message\":\"Este campo es requerido\",\"global\":true}},\"input_text\":{\"required\":{\"value\":true,\"message\":\"Este campo es requerido\",\"global_message\":\"Este campo es requerido\",\"global\":true}},\"input_text_2\":{\"required\":{\"value\":true,\"message\":\"Este campo es requerido\",\"global_message\":\"Este campo es requerido\",\"global\":true}},\"input_text_1\":{\"required\":{\"value\":true,\"message\":\"Este campo es requerido\",\"global_message\":\"Este campo es requerido\",\"global\":true}},\"datetime\":{\"required\":{\"value\":true,\"message\":\"Este campo es requerido\",\"global_message\":\"Este campo es requerido\",\"global\":true}},\"numeric_field\":{\"required\":{\"value\":true,\"message\":\"Este campo es requerido\",\"global_message\":\"Este campo es requerido\",\"global\":true},\"numeric\":{\"value\":true,\"message\":\"Debes colocar s\\u00f3lo n\\u00fameros\",\"global_message\":\"Debes colocar s\\u00f3lo n\\u00fameros\",\"global\":true},\"min\":{\"value\":\"\",\"message\":\"No cumple con el valor m\\u00ednimo\",\"global_message\":\"No cumple con el valor m\\u00ednimo\",\"global\":true},\"max\":{\"value\":\"\",\"message\":\"No cumple con el valor m\\u00e1ximo\",\"global_message\":\"No cumple con el valor m\\u00e1ximo\",\"global\":true},\"digits\":{\"value\":\"\",\"message\":\"No cumple con el l\\u00edmite de caracteres\",\"global_message\":\"No cumple con el l\\u00edmite de caracteres\",\"global\":true}},\"file-upload\":{\"required\":{\"value\":true,\"message\":\"Este campo es requerido\",\"global_message\":\"Este campo es requerido\",\"global\":true},\"max_file_size\":{\"value\":2097152,\"_valueFrom\":\"MB\",\"message\":\"Tama\\u00f1o m\\u00e1ximo alcanzado\",\"global_message\":\"Tama\\u00f1o m\\u00e1ximo alcanzado\",\"global\":true},\"max_file_count\":{\"value\":1,\"message\":\"Conteo m\\u00e1ximo alcanzado\",\"global_message\":\"Conteo m\\u00e1ximo alcanzado\",\"global\":true},\"allowed_file_types\":{\"value\":[\"jpg|jpeg|gif|png|bmp\"],\"message\":\"Tipo de archivo inv\\u00e1lido\",\"global_message\":\"Tipo de archivo inv\\u00e1lido\",\"global\":true}}},\"debounce_time\":300,\"conditionals\":{\"input_text\":{\"type\":\"any\",\"status\":true,\"conditions\":[{\"field\":\"dropdown\",\"value\":\"Pago M\\u00f3vil\",\"operator\":\"=\"}],\"condition_groups\":[{\"rules\":[{\"field\":\"\",\"value\":\"\",\"operator\":\"\"}],\"title\":\"\",\"isEditingTitle\":false,\"isPreviewOpen\":false,\"isGroupOpen\":true}]},\"input_text_2\":{\"type\":\"any\",\"status\":true,\"conditions\":[{\"field\":\"dropdown\",\"value\":\"Pago M\\u00f3vil\",\"operator\":\"=\"}],\"condition_groups\":[{\"rules\":[{\"field\":\"\",\"value\":\"\",\"operator\":\"\"}],\"title\":\"\",\"isEditingTitle\":false,\"isPreviewOpen\":false,\"isGroupOpen\":true}]},\"input_text_1\":{\"type\":\"any\",\"status\":true,\"conditions\":[{\"field\":\"dropdown\",\"value\":\"Pago M\\u00f3vil\",\"operator\":\"=\"}],\"condition_groups\":[{\"rules\":[{\"field\":\"\",\"value\":\"\",\"operator\":\"\"}],\"title\":\"\",\"isEditingTitle\":false,\"isPreviewOpen\":false,\"isGroupOpen\":true}]}}};\n                            <\/script>\n                        <\/div>\n\n            <\/div>\t\t\t\t<\/div>\n\t\t\t\t<\/div>\n\t\t\t\t<\/div>\n\t\t\t\t\t<\/div>\n\t\t\t\t<\/div>\n\t\t\t\t<\/div>\n\t\t","protected":false},"excerpt":{"rendered":"<p>Reportar pago Reporte de pago 2 &#916; NombreApellidoCorreo Electr\u00f3nicoM\u00e9todo de pago&#8211; Selecione &#8211;EfectivoTransferencia BancariaPago M\u00f3vilZellePayPalStripeBinanceC\u00e9dula o IDNumero de tel\u00e9fonoBanco EmisorFecha de pagoMontoComprobante de pagoSeleccione archivo o su\u00e9ltalo aqu\u00ed Reportar Pago<\/p>","protected":false},"author":1,"featured_media":0,"parent":0,"menu_order":999,"comment_status":"closed","ping_status":"closed","template":"elementor_canvas","meta":{"footnotes":""},"categories":[],"tags":[],"class_list":["post-3576","page","type-page","status-publish"],"yoast_head":"<!-- This site is optimized with the Yoast SEO Premium plugin v25.6 (Yoast SEO v27.3) - https:\/\/yoast.com\/product\/yoast-seo-premium-wordpress\/ -->\n<title>Reporte de pago - Somos Pixart<\/title>\n<meta name=\"robots\" content=\"index, follow, max-snippet:-1, max-image-preview:large, max-video-preview:-1\" \/>\n<link rel=\"canonical\" href=\"https:\/\/somospixart.com\/en\/reporte-pago\/\" \/>\n<meta property=\"og:locale\" content=\"en_US\" \/>\n<meta property=\"og:type\" content=\"article\" \/>\n<meta property=\"og:title\" content=\"Reporte de pago\" \/>\n<meta property=\"og:description\" content=\"Reportar pago Reporte de pago 2 &#916; NombreApellidoCorreo Electr\u00f3nicoM\u00e9todo de pago&#8211; Selecione &#8211;EfectivoTransferencia BancariaPago M\u00f3vilZellePayPalStripeBinanceC\u00e9dula o IDNumero de tel\u00e9fonoBanco EmisorFecha de pagoMontoComprobante de pagoSeleccione archivo o su\u00e9ltalo aqu\u00ed Reportar Pago\" \/>\n<meta property=\"og:url\" content=\"https:\/\/somospixart.com\/en\/reporte-pago\/\" \/>\n<meta property=\"og:site_name\" content=\"Somos Pixart\" \/>\n<meta property=\"article:modified_time\" content=\"2025-09-09T16:52:34+00:00\" \/>\n<meta property=\"og:image\" content=\"https:\/\/somospixart.com\/wp-content\/uploads\/2025\/08\/LogoPrincipal-web.png\" \/>\n\t<meta property=\"og:image:width\" content=\"350\" \/>\n\t<meta property=\"og:image:height\" content=\"100\" \/>\n\t<meta property=\"og:image:type\" content=\"image\/png\" \/>\n<meta name=\"twitter:card\" content=\"summary_large_image\" \/>\n<meta name=\"twitter:label1\" content=\"Est. reading time\" \/>\n\t<meta name=\"twitter:data1\" content=\"1 minute\" \/>\n<script type=\"application\/ld+json\" class=\"yoast-schema-graph\">{\"@context\":\"https:\\\/\\\/schema.org\",\"@graph\":[{\"@type\":\"WebPage\",\"@id\":\"https:\\\/\\\/somospixart.com\\\/reporte-pago\\\/\",\"url\":\"https:\\\/\\\/somospixart.com\\\/reporte-pago\\\/\",\"name\":\"Reporte de pago - Somos Pixart\",\"isPartOf\":{\"@id\":\"https:\\\/\\\/somospixart.com\\\/#website\"},\"primaryImageOfPage\":{\"@id\":\"https:\\\/\\\/somospixart.com\\\/reporte-pago\\\/#primaryimage\"},\"image\":{\"@id\":\"https:\\\/\\\/somospixart.com\\\/reporte-pago\\\/#primaryimage\"},\"thumbnailUrl\":\"https:\\\/\\\/somospixart.com\\\/wp-content\\\/uploads\\\/2025\\\/08\\\/LogoPrincipal-web.png\",\"datePublished\":\"2025-09-08T23:39:35+00:00\",\"dateModified\":\"2025-09-09T16:52:34+00:00\",\"breadcrumb\":{\"@id\":\"https:\\\/\\\/somospixart.com\\\/reporte-pago\\\/#breadcrumb\"},\"inLanguage\":\"en-US\",\"potentialAction\":[{\"@type\":\"ReadAction\",\"target\":[\"https:\\\/\\\/somospixart.com\\\/reporte-pago\\\/\"]}]},{\"@type\":\"ImageObject\",\"inLanguage\":\"en-US\",\"@id\":\"https:\\\/\\\/somospixart.com\\\/reporte-pago\\\/#primaryimage\",\"url\":\"https:\\\/\\\/somospixart.com\\\/wp-content\\\/uploads\\\/2025\\\/08\\\/LogoPrincipal-web.png\",\"contentUrl\":\"https:\\\/\\\/somospixart.com\\\/wp-content\\\/uploads\\\/2025\\\/08\\\/LogoPrincipal-web.png\"},{\"@type\":\"BreadcrumbList\",\"@id\":\"https:\\\/\\\/somospixart.com\\\/reporte-pago\\\/#breadcrumb\",\"itemListElement\":[{\"@type\":\"ListItem\",\"position\":1,\"name\":\"Portada\",\"item\":\"https:\\\/\\\/somospixart.com\\\/\"},{\"@type\":\"ListItem\",\"position\":2,\"name\":\"Reporte de pago\"}]},{\"@type\":\"WebSite\",\"@id\":\"https:\\\/\\\/somospixart.com\\\/#website\",\"url\":\"https:\\\/\\\/somospixart.com\\\/\",\"name\":\"Somos Pixart\",\"description\":\"Agencia Creativa\",\"publisher\":{\"@id\":\"https:\\\/\\\/somospixart.com\\\/#organization\"},\"potentialAction\":[{\"@type\":\"SearchAction\",\"target\":{\"@type\":\"EntryPoint\",\"urlTemplate\":\"https:\\\/\\\/somospixart.com\\\/?s={search_term_string}\"},\"query-input\":{\"@type\":\"PropertyValueSpecification\",\"valueRequired\":true,\"valueName\":\"search_term_string\"}}],\"inLanguage\":\"en-US\"},{\"@type\":\"Organization\",\"@id\":\"https:\\\/\\\/somospixart.com\\\/#organization\",\"name\":\"Somos Pixart\",\"alternateName\":\"Pixart\",\"url\":\"https:\\\/\\\/somospixart.com\\\/\",\"logo\":{\"@type\":\"ImageObject\",\"inLanguage\":\"en-US\",\"@id\":\"https:\\\/\\\/somospixart.com\\\/#\\\/schema\\\/logo\\\/image\\\/\",\"url\":\"https:\\\/\\\/somospixart.com\\\/wp-content\\\/uploads\\\/2025\\\/08\\\/logo-pixart-2.png\",\"contentUrl\":\"https:\\\/\\\/somospixart.com\\\/wp-content\\\/uploads\\\/2025\\\/08\\\/logo-pixart-2.png\",\"width\":512,\"height\":512,\"caption\":\"Somos Pixart\"},\"image\":{\"@id\":\"https:\\\/\\\/somospixart.com\\\/#\\\/schema\\\/logo\\\/image\\\/\"},\"sameAs\":[\"https:\\\/\\\/www.instagram.com\\\/somospixart\"]}]}<\/script>\n<!-- \/ Yoast SEO Premium plugin. -->","yoast_head_json":{"title":"Reporte de pago - Somos Pixart","robots":{"index":"index","follow":"follow","max-snippet":"max-snippet:-1","max-image-preview":"max-image-preview:large","max-video-preview":"max-video-preview:-1"},"canonical":"https:\/\/somospixart.com\/en\/reporte-pago\/","og_locale":"en_US","og_type":"article","og_title":"Reporte de pago","og_description":"Reportar pago Reporte de pago 2 &#916; NombreApellidoCorreo Electr\u00f3nicoM\u00e9todo de pago&#8211; Selecione &#8211;EfectivoTransferencia BancariaPago M\u00f3vilZellePayPalStripeBinanceC\u00e9dula o IDNumero de tel\u00e9fonoBanco EmisorFecha de pagoMontoComprobante de pagoSeleccione archivo o su\u00e9ltalo aqu\u00ed Reportar Pago","og_url":"https:\/\/somospixart.com\/en\/reporte-pago\/","og_site_name":"Somos Pixart","article_modified_time":"2025-09-09T16:52:34+00:00","og_image":[{"width":350,"height":100,"url":"https:\/\/somospixart.com\/wp-content\/uploads\/2025\/08\/LogoPrincipal-web.png","type":"image\/png"}],"twitter_card":"summary_large_image","twitter_misc":{"Est. reading time":"1 minute"},"schema":{"@context":"https:\/\/schema.org","@graph":[{"@type":"WebPage","@id":"https:\/\/somospixart.com\/reporte-pago\/","url":"https:\/\/somospixart.com\/reporte-pago\/","name":"Reporte de pago - Somos Pixart","isPartOf":{"@id":"https:\/\/somospixart.com\/#website"},"primaryImageOfPage":{"@id":"https:\/\/somospixart.com\/reporte-pago\/#primaryimage"},"image":{"@id":"https:\/\/somospixart.com\/reporte-pago\/#primaryimage"},"thumbnailUrl":"https:\/\/somospixart.com\/wp-content\/uploads\/2025\/08\/LogoPrincipal-web.png","datePublished":"2025-09-08T23:39:35+00:00","dateModified":"2025-09-09T16:52:34+00:00","breadcrumb":{"@id":"https:\/\/somospixart.com\/reporte-pago\/#breadcrumb"},"inLanguage":"en-US","potentialAction":[{"@type":"ReadAction","target":["https:\/\/somospixart.com\/reporte-pago\/"]}]},{"@type":"ImageObject","inLanguage":"en-US","@id":"https:\/\/somospixart.com\/reporte-pago\/#primaryimage","url":"https:\/\/somospixart.com\/wp-content\/uploads\/2025\/08\/LogoPrincipal-web.png","contentUrl":"https:\/\/somospixart.com\/wp-content\/uploads\/2025\/08\/LogoPrincipal-web.png"},{"@type":"BreadcrumbList","@id":"https:\/\/somospixart.com\/reporte-pago\/#breadcrumb","itemListElement":[{"@type":"ListItem","position":1,"name":"Portada","item":"https:\/\/somospixart.com\/"},{"@type":"ListItem","position":2,"name":"Reporte de pago"}]},{"@type":"WebSite","@id":"https:\/\/somospixart.com\/#website","url":"https:\/\/somospixart.com\/","name":"Somos Pixart","description":"Agencia Creativa","publisher":{"@id":"https:\/\/somospixart.com\/#organization"},"potentialAction":[{"@type":"SearchAction","target":{"@type":"EntryPoint","urlTemplate":"https:\/\/somospixart.com\/?s={search_term_string}"},"query-input":{"@type":"PropertyValueSpecification","valueRequired":true,"valueName":"search_term_string"}}],"inLanguage":"en-US"},{"@type":"Organization","@id":"https:\/\/somospixart.com\/#organization","name":"Somos Pixart","alternateName":"Pixart","url":"https:\/\/somospixart.com\/","logo":{"@type":"ImageObject","inLanguage":"en-US","@id":"https:\/\/somospixart.com\/#\/schema\/logo\/image\/","url":"https:\/\/somospixart.com\/wp-content\/uploads\/2025\/08\/logo-pixart-2.png","contentUrl":"https:\/\/somospixart.com\/wp-content\/uploads\/2025\/08\/logo-pixart-2.png","width":512,"height":512,"caption":"Somos Pixart"},"image":{"@id":"https:\/\/somospixart.com\/#\/schema\/logo\/image\/"},"sameAs":["https:\/\/www.instagram.com\/somospixart"]}]}},"_links":{"self":[{"href":"https:\/\/somospixart.com\/en\/wp-json\/wp\/v2\/pages\/3576","targetHints":{"allow":["GET"]}}],"collection":[{"href":"https:\/\/somospixart.com\/en\/wp-json\/wp\/v2\/pages"}],"about":[{"href":"https:\/\/somospixart.com\/en\/wp-json\/wp\/v2\/types\/page"}],"author":[{"embeddable":true,"href":"https:\/\/somospixart.com\/en\/wp-json\/wp\/v2\/users\/1"}],"replies":[{"embeddable":true,"href":"https:\/\/somospixart.com\/en\/wp-json\/wp\/v2\/comments?post=3576"}],"version-history":[{"count":5,"href":"https:\/\/somospixart.com\/en\/wp-json\/wp\/v2\/pages\/3576\/revisions"}],"predecessor-version":[{"id":3598,"href":"https:\/\/somospixart.com\/en\/wp-json\/wp\/v2\/pages\/3576\/revisions\/3598"}],"wp:attachment":[{"href":"https:\/\/somospixart.com\/en\/wp-json\/wp\/v2\/media?parent=3576"}],"wp:term":[{"taxonomy":"category","embeddable":true,"href":"https:\/\/somospixart.com\/en\/wp-json\/wp\/v2\/categories?post=3576"},{"taxonomy":"post_tag","embeddable":true,"href":"https:\/\/somospixart.com\/en\/wp-json\/wp\/v2\/tags?post=3576"}],"curies":[{"name":"wp","href":"https:\/\/api.w.org\/{rel}","templated":true}]}}